{"id":53,"date":"2019-04-18T11:16:34","date_gmt":"2019-04-18T11:16:34","guid":{"rendered":"https:\/\/envothemes.com\/envo-ecommerce\/?page_id=53"},"modified":"2022-01-21T16:46:11","modified_gmt":"2022-01-21T16:46:11","slug":"quem-somos","status":"publish","type":"page","link":"https:\/\/conexoesdiversas.com.br\/loja\/quem-somos\/","title":{"rendered":"Quem Somos"},"content":{"rendered":"\t\t<div data-elementor-type=\"wp-post\" data-elementor-id=\"53\" class=\"elementor elementor-53\">\n\t\t\t\t\t\t<section class=\"elementor-section elementor-top-section elementor-element elementor-element-11beeb82 elementor-section-boxed elementor-section-height-default elementor-section-height-default\" data-id=\"11beeb82\" data-element_type=\"section\" data-settings=\"{&quot;background_background&quot;:&quot;classic&quot;,&quot;shape_divider_bottom&quot;:&quot;mountains&quot;}\">\n\t\t\t\t\t\t\t<div class=\"elementor-background-overlay\"><\/div>\n\t\t\t\t\t\t<div class=\"elementor-shape elementor-shape-bottom\" aria-hidden=\"true\" data-negative=\"false\">\n\t\t\t<svg xmlns=\"http:\/\/www.w3.org\/2000\/svg\" viewBox=\"0 0 1000 100\" preserveAspectRatio=\"none\">\n\t<path class=\"elementor-shape-fill\" opacity=\"0.33\" d=\"M473,67.3c-203.9,88.3-263.1-34-320.3,0C66,119.1,0,59.7,0,59.7V0h1000v59.7 c0,0-62.1,26.1-94.9,29.3c-32.8,3.3-62.8-12.3-75.8-22.1C806,49.6,745.3,8.7,694.9,4.7S492.4,59,473,67.3z\"\/>\n\t<path class=\"elementor-shape-fill\" opacity=\"0.66\" d=\"M734,67.3c-45.5,0-77.2-23.2-129.1-39.1c-28.6-8.7-150.3-10.1-254,39.1 s-91.7-34.4-149.2,0C115.7,118.3,0,39.8,0,39.8V0h1000v36.5c0,0-28.2-18.5-92.1-18.5C810.2,18.1,775.7,67.3,734,67.3z\"\/>\n\t<path class=\"elementor-shape-fill\" d=\"M766.1,28.9c-200-57.5-266,65.5-395.1,19.5C242,1.8,242,5.4,184.8,20.6C128,35.8,132.3,44.9,89.9,52.5C28.6,63.7,0,0,0,0 h1000c0,0-9.9,40.9-83.6,48.1S829.6,47,766.1,28.9z\"\/>\n<\/svg>\t\t<\/div>\n\t\t\t\t\t<div class=\"elementor-container elementor-column-gap-default\">\n\t\t\t\t\t<div class=\"elementor-column elementor-col-100 elementor-top-column elementor-element elementor-element-66f995e4\" data-id=\"66f995e4\" data-element_type=\"column\">\n\t\t\t<div class=\"elementor-widget-wrap elementor-element-populated\">\n\t\t\t\t\t\t<div class=\"elementor-element elementor-element-2199df57 elementor-widget elementor-widget-heading\" data-id=\"2199df57\" data-element_type=\"widget\" data-widget_type=\"heading.default\">\n\t\t\t\t<div class=\"elementor-widget-container\">\n\t\t\t\t\t<h2 class=\"elementor-heading-title elementor-size-default\">Quem Somos<\/h2>\t\t\t\t<\/div>\n\t\t\t\t<\/div>\n\t\t\t\t<div class=\"elementor-element elementor-element-5e0ffb6 elementor-widget-divider--view-line elementor-widget elementor-widget-divider\" data-id=\"5e0ffb6\" data-element_type=\"widget\" data-widget_type=\"divider.default\">\n\t\t\t\t<div class=\"elementor-widget-container\">\n\t\t\t\t\t\t\t<div class=\"elementor-divider\">\n\t\t\t<span class=\"elementor-divider-separator\">\n\t\t\t\t\t\t<\/span>\n\t\t<\/div>\n\t\t\t\t\t\t<\/div>\n\t\t\t\t<\/div>\n\t\t\t\t<div class=\"elementor-element elementor-element-5b713658 elementor-widget elementor-widget-text-editor\" data-id=\"5b713658\" data-element_type=\"widget\" data-widget_type=\"text-editor.default\">\n\t\t\t\t<div class=\"elementor-widget-container\">\n\t\t\t\t\t\t\t\t\t<p>A Associa\u00e7\u00e3o para Promo\u00e7\u00e3o da Diversidade Sociocultural e Ambiental Pontos Diversos \u00e9 uma organiza\u00e7\u00e3o n\u00e3o-governamental, sem fins lucrativos, criada com o prop\u00f3sito de valorizar a diversidade humana e reduzir as desigualdades sociais, mediante a\u00e7\u00f5es e pr\u00e1ticas inclusivas em diferentes ambientes sociais.<\/p>\n<p>\u00a0<\/p>\n<p>Fundada em 12 de outubro de 2016, com motiva\u00e7\u00e3o na prem\u00eancia de solu\u00e7\u00f5es conscientes frente \u00e0 complexidade da problem\u00e1tica social que assola a realidade que nos cerca, a Pontos Diversos desenvolveu a metodologia Travessias, que assume car\u00e1ter inclusivo e sustent\u00e1vel, constitu\u00eddo a partir de uma proposta de sociedade mais justa, diversa e economicamente vi\u00e1vel.<\/p>\n<p>\u00a0<\/p>\n<p>A Plataforma Conex\u00f5es Diversas \u00e9 o e-commerce da Pontos Diversos. \u00c9 um marketplace colaborativo e sustent\u00e1vel que se prop\u00f5e a promover conex\u00e3o entre oferta e demanda de produtos e servi\u00e7os constitu\u00eddos pela cadeia de valores da economia circular, consciente e integrada aos prop\u00f3sitos de um mundo melhor e equ\u00e2nime.<\/p>\n<p>\u00a0<\/p>\n<p>Voc\u00ea pode fazer parte disso!<\/p>\t\t\t\t\t\t\t\t<\/div>\n\t\t\t\t<\/div>\n\t\t\t\t\t<\/div>\n\t\t<\/div>\n\t\t\t\t\t<\/div>\n\t\t<\/section>\n\t\t\t\t<\/div>\n\t\t","protected":false},"excerpt":{"rendered":"<p>Quem Somos A Associa\u00e7\u00e3o para Promo\u00e7\u00e3o da Diversidade Sociocultural e Ambiental Pontos Diversos \u00e9 uma organiza\u00e7\u00e3o n\u00e3o-governamental, sem fins lucrativos,&hellip;<\/p>\n","protected":false},"author":1,"featured_media":0,"parent":0,"menu_order":0,"comment_status":"closed","ping_status":"closed","template":"template-parts\/template-page-builders.php","meta":{"footnotes":""},"class_list":["post-53","page","type-page","status-publish","hentry"],"_links":{"self":[{"href":"https:\/\/conexoesdiversas.com.br\/loja\/wp-json\/wp\/v2\/pages\/53","targetHints":{"allow":["GET"]}}],"collection":[{"href":"https:\/\/conexoesdiversas.com.br\/loja\/wp-json\/wp\/v2\/pages"}],"about":[{"href":"https:\/\/conexoesdiversas.com.br\/loja\/wp-json\/wp\/v2\/types\/page"}],"author":[{"embeddable":true,"href":"https:\/\/conexoesdiversas.com.br\/loja\/wp-json\/wp\/v2\/users\/1"}],"replies":[{"embeddable":true,"href":"https:\/\/conexoesdiversas.com.br\/loja\/wp-json\/wp\/v2\/comments?post=53"}],"version-history":[{"count":19,"href":"https:\/\/conexoesdiversas.com.br\/loja\/wp-json\/wp\/v2\/pages\/53\/revisions"}],"predecessor-version":[{"id":567,"href":"https:\/\/conexoesdiversas.com.br\/loja\/wp-json\/wp\/v2\/pages\/53\/revisions\/567"}],"wp:attachment":[{"href":"https:\/\/conexoesdiversas.com.br\/loja\/wp-json\/wp\/v2\/media?parent=53"}],"curies":[{"name":"wp","href":"https:\/\/api.w.org\/{rel}","templated":true}]}}